{"id":48,"date":"2017-03-08T15:48:52","date_gmt":"2017-03-08T15:48:52","guid":{"rendered":"https:\/\/smartdata.tonytemplates.com\/car-repair-service-v4-services\/?page_id=48"},"modified":"2022-12-02T23:48:06","modified_gmt":"2022-12-02T23:48:06","slug":"contacts","status":"publish","type":"page","link":"https:\/\/scrapautoz.ca\/fr\/contacts\/","title":{"rendered":"Contactez-nous"},"content":{"rendered":"<div data-elementor-type=\"wp-page\" data-elementor-id=\"48\" class=\"elementor elementor-48\">\n\t\t\t\t\t\t\t\t\t<section class=\"elementor-section elementor-top-section elementor-element elementor-element-6fc64d4 elementor-section-stretched elementor-section-full_width elementor-section-height-default elementor-section-height-default\" data-id=\"6fc64d4\" data-element_type=\"section\" data-settings=\"{&quot;stretch_section&quot;:&quot;section-stretched&quot;}\">\n\t\t\t\t\t\t<div class=\"elementor-container elementor-column-gap-no\">\n\t\t\t\t\t<div class=\"elementor-column elementor-col-100 elementor-top-column elementor-element elementor-element-7273983\" data-id=\"7273983\" data-element_type=\"column\">\n\t\t\t<div class=\"elementor-widget-wrap elementor-element-populated\">\n\t\t\t\t\t\t\t\t<div class=\"elementor-element elementor-element-b591a35 elementor-widget elementor-widget-contact_page\" data-id=\"b591a35\" data-element_type=\"widget\" data-widget_type=\"contact_page.default\">\n\t\t\t\t<div class=\"elementor-widget-container\">\n\t\t\t\t\t<div class=\"section-bg01\">\n\t\t\t<div class=\"block\">\n\t\t\t\t<div class=\"container no-gutters\">\n\t\t\t\t\t<div class=\"row\">\n\t\t\t\t\t\t<div class=\"col-sm-5 col-md-4 col-sm-push-7 col-md-push-8\">\n\t\t\t\t\t\t\t<div class=\"info02-wrapper\">\n\t\t\t\t\t\t\t\t\t\t\t\t\t\t\t<div class=\"info02\">\n\t\t\t\t\t\t\t\t\t<div class=\"info02__icon\"><span class=\"icon-locate\"><\/span><\/div>\n\t\t\t\t\t\t\t\t\t<h6 class=\"info02__title\">\n\t\t\t\t\t\t\t\t\t\tAdresse postale\t\t\t\t\t\t\t\t\t<\/h6>\n\t\t\t\t\t\t\t\t\t<address>\n\t\t\t\t\t\t\t\t\t41 Beacon St, Kirkland, Quebec H9J 2E9\t\t\t\t\t\t\t\t\t<\/address>\n\t\t\t\t\t\t\t\t<\/div>\n\t\t\t\t\t\t\t\t\t\t\t\t\t\t\t\t<div class=\"info02\">\n\t\t\t\t\t\t\t\t\t<div class=\"info02__icon\"><span class=\"icon-phone\"><\/span><\/div>\n\t\t\t\t\t\t\t\t\t<h6 class=\"info02__title\">\n\t\t\t\t\t\t\t\t\t\tNum\u00e9ro du contact\t\t\t\t\t\t\t\t\t<\/h6>\n\t\t\t\t\t\t\t\t\t<address>\n\t\t\t\t\t\t\t\t\t(514) 668-2804\n\t\t\t\t\t\t\t\t\t<\/address>\n\t\t\t\t\t\t\t\t<\/div>\n\t\t\t\t\t\t\t\t\t\t\t\t\t\t\t\t<div class=\"info02\">\n\t\t\t\t\t\t\t\t\t<div class=\"info02__icon\"><span class=\"icon-clock\"><\/span><\/div>\n\t\t\t\t\t\t\t\t\t<h6 class=\"info02__title\">\n\t\t\t\t\t\t\t\t\t\tHoraires d'ouvertures\t\t\t\t\t\t\t\t\t<\/h6>\n\t\t\t\t\t\t\t\t\t<address>\n\t\t\t\t\t\t\t\t\tMon-Sun: 6:00 AM - 11:00 PM\t\t\t\t\t\t\t\t\t<\/address>\n\t\t\t\t\t\t\t\t<\/div>\n\t\t\t\t\t\t\t\t\t\t\t\t\t\t\t<\/div>\n\t\t\t\t\t\t<\/div>\n\t\t\t\t\t\t<div class=\"divider-lg hidden-lg hidden-md hidden-sm\"><\/div>\n\t\t\t\t\t\t<div class=\"col-sm-7 col-md-8 col-sm-pull-5 col-md-pull-4\">\n\t\t\t\t\t\t\t<div class=\"box-wrapper\">\n\t\t\t\t\t\t\t\t<div class=\"block-title text-left\">\n\t\t\t\t\t\t\t\t\t<h2 class=\"block-title__title\">Contactez-nous<\/h2>\n\t\t\t\t\t\t\t\t\t<div class=\"block-title__description\">\n\t\t\t\t\t\t\t\t\tObtenez des r\u00e9ponses \u00e0 vos questions sur les voitures ind\u00e9sirables.\t\t\t\t\t\t\t\t\t<\/div>\n\t\t\t\t\t\t\t\t\t<div class=\"title-separator\"><\/div>\n\t\t\t\t\t\t\t\t<\/div>\n\t\t\t\t\t\t\t\t\n<div class=\"wpcf7 no-js\" id=\"wpcf7-f2225-o1\" lang=\"en-US\" dir=\"ltr\">\n<div class=\"screen-reader-response\"><p role=\"status\" aria-live=\"polite\" aria-atomic=\"true\"><\/p> <ul><\/ul><\/div>\n<form action=\"\/fr\/wp-json\/wp\/v2\/pages\/48#wpcf7-f2225-o1\" method=\"post\" class=\"wpcf7-form init\" aria-label=\"Contact form\" novalidate=\"novalidate\" data-status=\"init\" data-trp-original-action=\"\/fr\/wp-json\/wp\/v2\/pages\/48#wpcf7-f2225-o1\">\n<div style=\"display: none;\">\n<input type=\"hidden\" name=\"_wpcf7\" value=\"2225\" \/>\n<input type=\"hidden\" name=\"_wpcf7_version\" value=\"5.8\" \/>\n<input type=\"hidden\" name=\"_wpcf7_locale\" value=\"en_US\" \/>\n<input type=\"hidden\" name=\"_wpcf7_unit_tag\" value=\"wpcf7-f2225-o1\" \/>\n<input type=\"hidden\" name=\"_wpcf7_container_post\" value=\"0\" \/>\n<input type=\"hidden\" name=\"_wpcf7_posted_data_hash\" value=\"\" \/>\n<\/div>\n<div class=\"contact-form form-default\">\n\t<div class=\"row\">\n\t\t<div class=\"col-md-6\">\n\t\t\t<div class=\"input-wrapper\">\n\t\t\t\t<p><span class=\"wpcf7-form-control-wrap\" data-name=\"your-name\"><input size=\"40\" class=\"wpcf7-form-control wpcf7-text wpcf7-validates-as-required form-control input-full\" aria-required=\"true\" aria-invalid=\"false\" placeholder=\"Votre nom\" value=\"\" type=\"text\" name=\"your-name\" \/><\/span>\n\t\t\t\t<\/p>\n\t\t\t<\/div>\n\t\t<\/div>\n\t\t<div class=\"col-md-6\">\n\t\t\t<div class=\"input-wrapper\">\n\t\t\t\t<p><span class=\"wpcf7-form-control-wrap\" data-name=\"your-email\"><input size=\"40\" class=\"wpcf7-form-control wpcf7-email wpcf7-validates-as-required wpcf7-text wpcf7-validates-as-email form-control input-full\" aria-required=\"true\" aria-invalid=\"false\" placeholder=\"address@youremail.com\" value=\"\" type=\"email\" name=\"your-email\" \/><\/span>\n\t\t\t\t<\/p>\n\t\t\t<\/div>\n\t\t<\/div>\n\t<\/div>\n\t<div class=\"input-wrapper\">\n\t\t<p><span class=\"wpcf7-form-control-wrap\" data-name=\"your-message\"><textarea cols=\"40\" rows=\"10\" class=\"wpcf7-form-control wpcf7-textarea wpcf7-validates-as-required input-full form-control\" aria-required=\"true\" aria-invalid=\"false\" placeholder=\"Ta question...\" name=\"your-message\"><\/textarea><\/span>\n\t\t<\/p>\n\t<\/div>\n\t<div>\n\t\t<p><button type=\"submit\" id=\"submit-contact\" class=\"btn btn-border btn-invert btn-wide wpcf7-form-control wpcf7-submit\"><span>Contactez-nous maintenant<\/span><\/button>\n\t\t<\/p>\n\t<\/div>\n<\/div><div class=\"wpcf7-response-output\" aria-hidden=\"true\"><\/div>\n<input type=\"hidden\" name=\"trp-form-language\" value=\"fr\"\/><\/form>\n<\/div>\n\t\t\t\t\t\t\t<\/div>\n\t\t\t\t\t\t<\/div>\n\t\t\t\t\t<\/div>\n\t\t\t\t<\/div>\n\t\t\t<\/div>\n\t\t<\/div>\n\t\t\t\t<\/div>\n\t\t\t\t<\/div>\n\t\t\t\t\t<\/div>\n\t\t<\/div>\n\t\t\t\t\t\t\t<\/div>\n\t\t<\/section>\n\t\t\t\t\t\t\t<\/div>","protected":false},"excerpt":{"rendered":"<p>Post Address 41 Beacon St, Kirkland, Quebec H9J 2E9 Contact Phone CALL US (514) 668-2804 Opening Hours Mon-Sun: 6:00 AM &#8211; 11:00 PM Get In Touch! Get your automotive-related questions answered. Contact Us<\/p>","protected":false},"author":1,"featured_media":0,"parent":0,"menu_order":0,"comment_status":"closed","ping_status":"closed","template":"","meta":{"footnotes":""},"class_list":["post-48","page","type-page","status-publish","hentry"],"yoast_head":"<!-- This site is optimized with the Yoast SEO plugin v21.1 - https:\/\/yoast.com\/wordpress\/plugins\/seo\/ -->\n<title>Contacts - Scrap autoz<\/title>\n<meta name=\"robots\" content=\"index, follow, max-snippet:-1, max-image-preview:large, max-video-preview:-1\" \/>\n<link rel=\"canonical\" href=\"https:\/\/scrapautoz.ca\/fr\/contacts\/\" \/>\n<meta property=\"og:locale\" content=\"fr_CA\" \/>\n<meta property=\"og:type\" content=\"article\" \/>\n<meta property=\"og:title\" content=\"Contacts - Scrap autoz\" \/>\n<meta property=\"og:description\" content=\"Post Address 41 Beacon St, Kirkland, Quebec H9J 2E9 Contact Phone CALL US (514) 668-2804 Opening Hours Mon-Sun: 6:00 AM &#8211; 11:00 PM Get In Touch! Get your automotive-related questions answered. Contact Us\" \/>\n<meta property=\"og:url\" content=\"https:\/\/scrapautoz.ca\/fr\/contacts\/\" \/>\n<meta property=\"og:site_name\" content=\"Scrap autoz\" \/>\n<meta property=\"article:modified_time\" content=\"2022-12-02T23:48:06+00:00\" \/>\n<meta name=\"twitter:card\" content=\"summary_large_image\" \/>\n<meta name=\"twitter:label1\" content=\"Estimation du temps de lecture\" \/>\n\t<meta name=\"twitter:data1\" content=\"1 minute\" \/>\n<script type=\"application\/ld+json\" class=\"yoast-schema-graph\">{\"@context\":\"https:\/\/schema.org\",\"@graph\":[{\"@type\":\"WebPage\",\"@id\":\"https:\/\/scrapautoz.ca\/contacts\/\",\"url\":\"https:\/\/scrapautoz.ca\/contacts\/\",\"name\":\"Contacts - Scrap autoz\",\"isPartOf\":{\"@id\":\"https:\/\/scrapautoz.ca\/#website\"},\"datePublished\":\"2017-03-08T15:48:52+00:00\",\"dateModified\":\"2022-12-02T23:48:06+00:00\",\"inLanguage\":\"fr-CA\",\"potentialAction\":[{\"@type\":\"ReadAction\",\"target\":[\"https:\/\/scrapautoz.ca\/contacts\/\"]}]},{\"@type\":\"WebSite\",\"@id\":\"https:\/\/scrapautoz.ca\/#website\",\"url\":\"https:\/\/scrapautoz.ca\/\",\"name\":\"Scrap autoz\",\"description\":\"We Buy Scrap Car, Scrap Car Montreal, Scrap Car Montreal For Cash, Cash For Scrap Car, Junk Car, Junk Car Montreal, Junk Car For Cash, Scrap Your Car For Cash, Car Recycling Center, Auto Recycling Montreal, Auto Scrap Montreal, Auto Ferraille, Auto Ferraille Montreal\",\"potentialAction\":[{\"@type\":\"SearchAction\",\"target\":{\"@type\":\"EntryPoint\",\"urlTemplate\":\"https:\/\/scrapautoz.ca\/?s={search_term_string}\"},\"query-input\":\"required name=search_term_string\"}],\"inLanguage\":\"fr-CA\"}]}<\/script>\n<!-- \/ Yoast SEO plugin. -->","yoast_head_json":{"title":"Contacts - Scrap autoz","robots":{"index":"index","follow":"follow","max-snippet":"max-snippet:-1","max-image-preview":"max-image-preview:large","max-video-preview":"max-video-preview:-1"},"canonical":"https:\/\/scrapautoz.ca\/fr\/contacts\/","og_locale":"fr_CA","og_type":"article","og_title":"Contacts - Scrap autoz","og_description":"Post Address 41 Beacon St, Kirkland, Quebec H9J 2E9 Contact Phone CALL US (514) 668-2804 Opening Hours Mon-Sun: 6:00 AM &#8211; 11:00 PM Get In Touch! Get your automotive-related questions answered. Contact Us","og_url":"https:\/\/scrapautoz.ca\/fr\/contacts\/","og_site_name":"Scrap autoz","article_modified_time":"2022-12-02T23:48:06+00:00","twitter_card":"summary_large_image","twitter_misc":{"Estimation du temps de lecture":"1 minute"},"schema":{"@context":"https:\/\/schema.org","@graph":[{"@type":"WebPage","@id":"https:\/\/scrapautoz.ca\/contacts\/","url":"https:\/\/scrapautoz.ca\/contacts\/","name":"Contacts - Scrap autoz","isPartOf":{"@id":"https:\/\/scrapautoz.ca\/#website"},"datePublished":"2017-03-08T15:48:52+00:00","dateModified":"2022-12-02T23:48:06+00:00","inLanguage":"fr-CA","potentialAction":[{"@type":"ReadAction","target":["https:\/\/scrapautoz.ca\/contacts\/"]}]},{"@type":"WebSite","@id":"https:\/\/scrapautoz.ca\/#website","url":"https:\/\/scrapautoz.ca\/","name":"Scrap autoz","description":"We Buy Scrap Car, Scrap Car Montreal, Scrap Car Montreal For Cash, Cash For Scrap Car, Junk Car, Junk Car Montreal, Junk Car For Cash, Scrap Your Car For Cash, Car Recycling Center, Auto Recycling Montreal, Auto Scrap Montreal, Auto Ferraille, Auto Ferraille Montreal","potentialAction":[{"@type":"SearchAction","target":{"@type":"EntryPoint","urlTemplate":"https:\/\/scrapautoz.ca\/?s={search_term_string}"},"query-input":"required name=search_term_string"}],"inLanguage":"fr-CA"}]}},"_links":{"self":[{"href":"https:\/\/scrapautoz.ca\/fr\/wp-json\/wp\/v2\/pages\/48","targetHints":{"allow":["GET"]}}],"collection":[{"href":"https:\/\/scrapautoz.ca\/fr\/wp-json\/wp\/v2\/pages"}],"about":[{"href":"https:\/\/scrapautoz.ca\/fr\/wp-json\/wp\/v2\/types\/page"}],"author":[{"embeddable":true,"href":"https:\/\/scrapautoz.ca\/fr\/wp-json\/wp\/v2\/users\/1"}],"replies":[{"embeddable":true,"href":"https:\/\/scrapautoz.ca\/fr\/wp-json\/wp\/v2\/comments?post=48"}],"version-history":[{"count":21,"href":"https:\/\/scrapautoz.ca\/fr\/wp-json\/wp\/v2\/pages\/48\/revisions"}],"predecessor-version":[{"id":3169,"href":"https:\/\/scrapautoz.ca\/fr\/wp-json\/wp\/v2\/pages\/48\/revisions\/3169"}],"wp:attachment":[{"href":"https:\/\/scrapautoz.ca\/fr\/wp-json\/wp\/v2\/media?parent=48"}],"curies":[{"name":"wp","href":"https:\/\/api.w.org\/{rel}","templated":true}]}}