{"id":1520,"date":"2017-03-08T07:18:04","date_gmt":"2017-03-08T07:18:04","guid":{"rendered":"https:\/\/smartdata.tonytemplates.com\/car-repair-service-v4-services\/?page_id=2"},"modified":"2021-05-20T01:57:06","modified_gmt":"2021-05-20T01:57:06","slug":"about-us","status":"publish","type":"page","link":"https:\/\/scrapautoz.ca\/fr\/about-us\/","title":{"rendered":"\u00c0 Propos de Nous"},"content":{"rendered":"<div data-elementor-type=\"wp-page\" data-elementor-id=\"1520\" class=\"elementor elementor-1520\">\n\t\t\t\t\t\t\t\t\t<section class=\"elementor-section elementor-top-section elementor-element elementor-element-cef3218 elementor-section-stretched elementor-section-full_width elementor-section-height-default elementor-section-height-default\" data-id=\"cef3218\" data-element_type=\"section\" data-settings=\"{&quot;stretch_section&quot;:&quot;section-stretched&quot;}\">\n\t\t\t\t\t\t<div class=\"elementor-container elementor-column-gap-no\">\n\t\t\t\t\t<div class=\"elementor-column elementor-col-100 elementor-top-column elementor-element elementor-element-45c630c\" data-id=\"45c630c\" data-element_type=\"column\">\n\t\t\t<div class=\"elementor-widget-wrap elementor-element-populated\">\n\t\t\t\t\t\t\t\t<div class=\"elementor-element elementor-element-349161e elementor-widget elementor-widget-about_us_1\" data-id=\"349161e\" data-element_type=\"widget\" data-widget_type=\"about_us_1.default\">\n\t\t\t\t<div class=\"elementor-widget-container\">\n\t\t\t\n\t\t<div class=\"block\">\n\t\t\t<div class=\"container no-indent\">\n\t\t\t\t<div class=\"wrapper-parallax-left02\">\n\t\t\t\t\t<div class=\"col-img\">\n\t\t\t\t\t\t<img loading=\"lazy\" decoding=\"async\" width=\"1900\" height=\"1376\" src=\"https:\/\/scrapautoz.ca\/wp-content\/uploads\/2021\/05\/vintage-car-yellow-closeup-broken-1-1.jpg\" class=\"attachment-full size-full\" alt=\"\" srcset=\"https:\/\/scrapautoz.ca\/wp-content\/uploads\/2021\/05\/vintage-car-yellow-closeup-broken-1-1.jpg 1900w, https:\/\/scrapautoz.ca\/wp-content\/uploads\/2021\/05\/vintage-car-yellow-closeup-broken-1-1-300x217.jpg 300w, https:\/\/scrapautoz.ca\/wp-content\/uploads\/2021\/05\/vintage-car-yellow-closeup-broken-1-1-1024x742.jpg 1024w, https:\/\/scrapautoz.ca\/wp-content\/uploads\/2021\/05\/vintage-car-yellow-closeup-broken-1-1-768x556.jpg 768w\" sizes=\"auto, (max-width: 1900px) 100vw, 1900px\" \/>\t\t\t\t\t<\/div>\n\t\t\t\t\t<div class=\"col-description\">\n\t\t\t\t\t\t<div class=\"block-title text-left\">\n\t\t\t\t\t\t\t<h3 class=\"block-title__title\">\n\t\t\t\t\t\t\t<span class=\"color\">Une R\u00e9putation<\/span>  Des ann\u00e9es de pr\u00e9paration\t\t\t\t\t\t\t<\/h3>\n\t\t\t\t\t\t\t<div class=\"title-separator\"><\/div>\n\t\t\t\t\t\t<\/div>\n\t\t\t\t\t\t<p>Scrap Autoz Service fournit des services \u00e0 Montr\u00e9al et ses environs. Avec des retours tr\u00e8s positifs de notre client\u00e8le au fil des ann\u00e9es et l'entreprise ne cesse de cro\u00eetre.<\/p><ul><li>Nous achetons de la ferraille | Scrap Car Montr\u00e9al<\/li><li>Voiture de rebut Montr\u00e9al pour de l'argent | De l'argent pour la ferraille<\/li><li>Voiture ind\u00e9sirable|Voiture ind\u00e9sirable Montr\u00e9al| Voiture ind\u00e9sirable pour de l'argent<\/li><li>Ferraille auto montr\u00e9al<\/li><li>Centre de recyclage de voitures<\/li><li>Recyclage automobile Montr\u00e9al<\/li><li>D\u00e9molition automobile Montr\u00e9al<\/li><li>Auto Ferraille | Auto Ferraille Montreal<\/li><\/ul>\t\t\t\t\t<\/div>\n\t\t\t\t<\/div>\n\t\t\t\t<div class=\"divider-md\"><\/div>\n\t\t\t\t<div class=\"row\">\n\t\t\t\t\t\t\t\t\t<div class=\"col-md-4\">\n\t\t\t\t\t\t<h6 class=\"subtitle\">\u00c9nonc\u00e9 de mission<\/h6>\n\t\t\t\t\t\t<p>Notre mission est de servir nos clients et de toujours offrir le plus haut niveau de service client\u00a0; d\u00e9velopper notre \u00e9quipe et nous efforcer de nous am\u00e9liorer constamment\u00a0; et de nous conduire d'une mani\u00e8re respectueuse de l'environnement.<\/p>\t\t\t\t\t<\/div>\n\t\t\t\t\t\t\t\t\t\t<div class=\"divider-md hidden-lg hidden-md\"><\/div>\n\t\t\t\t\t\t\t\t\t\t\t\t\t\t\t<div class=\"col-md-4\">\n\t\t\t\t\t\t<h6 class=\"subtitle\">Notre Vision<\/h6>\n\t\t\t\t\t\t<p>\u00catre un chef de file passionnant dans le service de ferraille automobile\/recyclage. Nous g\u00e9n\u00e9rerons de l'enthousiasme en mettant en \u0153uvre des id\u00e9es pionni\u00e8res, en r\u00e9solvant des probl\u00e8mes et en allant au-del\u00e0 des attentes de nos clients.<\/p>\t\t\t\t\t<\/div>\n\t\t\t\t\t\t\t\t\t\t<div class=\"divider-md hidden-lg hidden-md\"><\/div>\n\t\t\t\t\t\t\t\t\t\t\t\t\t\t\t<div class=\"col-md-4\">\n\t\t\t\t\t\t<h6 class=\"subtitle\">Valeurs Fondamentales<\/h6>\n\t\t\t\t\t\t<ul class=\"marker-list-sm\">\n\t\t\t\t\t\t\t<li>Travail d'\u00e9quipe par la confiance et le respect.<\/li>\n\t\t\t\t\t\t\t<li>Engagement envers l'enthousiasme du client.<\/li>\n\t\t\t\t\t\t\t<li>Responsabilit\u00e9 \u00e0 tous les niveaux.<\/li>\n\t\t\t\t\t\t\t<li>La passion de gagner.<\/li>\n\t\t\t\t\t\t<\/ul>\t\t\t\t\t<\/div>\n\t\t\t\t\t\t\t\t\t\t\t\t\t\t<\/div>\n\t\t\t<\/div>\n\t\t<\/div>\n\t\t\t\t<\/div>\n\t\t\t\t<\/div>\n\t\t\t\t\t<\/div>\n\t\t<\/div>\n\t\t\t\t\t\t\t<\/div>\n\t\t<\/section>\n\t\t\t\t<section class=\"elementor-section elementor-top-section elementor-element elementor-element-334dec0 elementor-section-stretched elementor-section-full_width elementor-section-height-default elementor-section-height-default\" data-id=\"334dec0\" data-element_type=\"section\" data-settings=\"{&quot;stretch_section&quot;:&quot;section-stretched&quot;}\">\n\t\t\t\t\t\t<div class=\"elementor-container elementor-column-gap-no\">\n\t\t\t\t\t<div class=\"elementor-column elementor-col-100 elementor-top-column elementor-element elementor-element-5d1a577\" data-id=\"5d1a577\" data-element_type=\"column\">\n\t\t\t<div class=\"elementor-widget-wrap elementor-element-populated\">\n\t\t\t\t\t\t\t\t<div class=\"elementor-element elementor-element-a37abd9 elementor-widget elementor-widget-appointment_schedule\" data-id=\"a37abd9\" data-element_type=\"widget\" data-widget_type=\"appointment_schedule.default\">\n\t\t\t\t<div class=\"elementor-widget-container\">\n\t\t\t\t\t\t<div class=\"block position-relative overflow-hidden\">\n  <div class=\"section__text-background text-color02 text-center text-background__center\">\n\t\t\tPlanifiez<\/div>\n  <div class=\"text-center\">\n\t<h2 class=\"h-lg\">Besoin d'aide avec vos d\u00e9bris d'autos , Vieilles voitures et Scraps? <span class=\"color\">Nous l'ach\u00e8terons<\/span><\/h2>\n\t<p class=\"info\">Nos professionnels soucieux de la s\u00e9curit\u00e9 fournissent des services rapides de ramassage et  r\u00e9cup\u00e9rations de voitures ind\u00e9sirables.<\/p>\n\t<h2 class=\"h-phone\">(514) 668-2804<\/h2>\n\t<div class=\"btn-inline\">\n\t\t\t\t  <a class=\"btn btn-border btn-invert btn-wide\" href=\"#\" data-toggle=\"modal\"\n\t\tdata-target=\"#appointmentForm\"><span>Rendez-vous<\/span><\/a>\n\t  \t<\/div>\n  <\/div>\n<\/div>\n\n\t\t\t\t\t<\/div>\n\t\t\t\t<\/div>\n\t\t\t\t\t<\/div>\n\t\t<\/div>\n\t\t\t\t\t\t\t<\/div>\n\t\t<\/section>\n\t\t\t\t\t\t\t<\/div>","protected":false},"excerpt":{"rendered":"<p>A Reputation Years in the Making Scrap Autoz Service has been providing services in Montreal and its surrounding areas. With very positive feedback from our clientele over the years and the business continues to grow. We Buy Scrap Car | Scrap Car Montreal Scrap Car Montreal For Cash | Cash For Scrap Car Junk Car|Junk [&hellip;]<\/p>","protected":false},"author":1,"featured_media":0,"parent":0,"menu_order":0,"comment_status":"closed","ping_status":"closed","template":"","meta":{"footnotes":""},"class_list":["post-1520","page","type-page","status-publish","hentry"],"yoast_head":"<!-- This site is optimized with the Yoast SEO plugin v21.1 - https:\/\/yoast.com\/wordpress\/plugins\/seo\/ -->\n<title>About Us - Scrap autoz<\/title>\n<meta name=\"robots\" content=\"index, follow, max-snippet:-1, max-image-preview:large, max-video-preview:-1\" \/>\n<link rel=\"canonical\" href=\"https:\/\/scrapautoz.ca\/fr\/about-us\/\" \/>\n<meta property=\"og:locale\" content=\"fr_CA\" \/>\n<meta property=\"og:type\" content=\"article\" \/>\n<meta property=\"og:title\" content=\"About Us - Scrap autoz\" \/>\n<meta property=\"og:description\" content=\"A Reputation Years in the Making Scrap Autoz Service has been providing services in Montreal and its surrounding areas. With very positive feedback from our clientele over the years and the business continues to grow. We Buy Scrap Car | Scrap Car Montreal Scrap Car Montreal For Cash | Cash For Scrap Car Junk Car|Junk [&hellip;]\" \/>\n<meta property=\"og:url\" content=\"https:\/\/scrapautoz.ca\/fr\/about-us\/\" \/>\n<meta property=\"og:site_name\" content=\"Scrap autoz\" \/>\n<meta property=\"article:modified_time\" content=\"2021-05-20T01:57:06+00:00\" \/>\n<meta property=\"og:image\" content=\"https:\/\/scrapautoz.ca\/wp-content\/uploads\/2021\/05\/vintage-car-yellow-closeup-broken-1-1.jpg\" \/>\n<meta name=\"twitter:card\" content=\"summary_large_image\" \/>\n<meta name=\"twitter:label1\" content=\"Estimation du temps de lecture\" \/>\n\t<meta name=\"twitter:data1\" content=\"2 minutes\" \/>\n<script type=\"application\/ld+json\" class=\"yoast-schema-graph\">{\"@context\":\"https:\/\/schema.org\",\"@graph\":[{\"@type\":\"WebPage\",\"@id\":\"https:\/\/scrapautoz.ca\/about-us\/\",\"url\":\"https:\/\/scrapautoz.ca\/about-us\/\",\"name\":\"About Us - Scrap autoz\",\"isPartOf\":{\"@id\":\"https:\/\/scrapautoz.ca\/#website\"},\"datePublished\":\"2017-03-08T07:18:04+00:00\",\"dateModified\":\"2021-05-20T01:57:06+00:00\",\"inLanguage\":\"fr-CA\",\"potentialAction\":[{\"@type\":\"ReadAction\",\"target\":[\"https:\/\/scrapautoz.ca\/about-us\/\"]}]},{\"@type\":\"WebSite\",\"@id\":\"https:\/\/scrapautoz.ca\/#website\",\"url\":\"https:\/\/scrapautoz.ca\/\",\"name\":\"Scrap autoz\",\"description\":\"We Buy Scrap Car, Scrap Car Montreal, Scrap Car Montreal For Cash, Cash For Scrap Car, Junk Car, Junk Car Montreal, Junk Car For Cash, Scrap Your Car For Cash, Car Recycling Center, Auto Recycling Montreal, Auto Scrap Montreal, Auto Ferraille, Auto Ferraille Montreal\",\"potentialAction\":[{\"@type\":\"SearchAction\",\"target\":{\"@type\":\"EntryPoint\",\"urlTemplate\":\"https:\/\/scrapautoz.ca\/?s={search_term_string}\"},\"query-input\":\"required name=search_term_string\"}],\"inLanguage\":\"fr-CA\"}]}<\/script>\n<!-- \/ Yoast SEO plugin. -->","yoast_head_json":{"title":"About Us - Scrap autoz","robots":{"index":"index","follow":"follow","max-snippet":"max-snippet:-1","max-image-preview":"max-image-preview:large","max-video-preview":"max-video-preview:-1"},"canonical":"https:\/\/scrapautoz.ca\/fr\/about-us\/","og_locale":"fr_CA","og_type":"article","og_title":"About Us - Scrap autoz","og_description":"A Reputation Years in the Making Scrap Autoz Service has been providing services in Montreal and its surrounding areas. With very positive feedback from our clientele over the years and the business continues to grow. We Buy Scrap Car | Scrap Car Montreal Scrap Car Montreal For Cash | Cash For Scrap Car Junk Car|Junk [&hellip;]","og_url":"https:\/\/scrapautoz.ca\/fr\/about-us\/","og_site_name":"Scrap autoz","article_modified_time":"2021-05-20T01:57:06+00:00","og_image":[{"url":"https:\/\/scrapautoz.ca\/wp-content\/uploads\/2021\/05\/vintage-car-yellow-closeup-broken-1-1.jpg"}],"twitter_card":"summary_large_image","twitter_misc":{"Estimation du temps de lecture":"2 minutes"},"schema":{"@context":"https:\/\/schema.org","@graph":[{"@type":"WebPage","@id":"https:\/\/scrapautoz.ca\/about-us\/","url":"https:\/\/scrapautoz.ca\/about-us\/","name":"About Us - Scrap autoz","isPartOf":{"@id":"https:\/\/scrapautoz.ca\/#website"},"datePublished":"2017-03-08T07:18:04+00:00","dateModified":"2021-05-20T01:57:06+00:00","inLanguage":"fr-CA","potentialAction":[{"@type":"ReadAction","target":["https:\/\/scrapautoz.ca\/about-us\/"]}]},{"@type":"WebSite","@id":"https:\/\/scrapautoz.ca\/#website","url":"https:\/\/scrapautoz.ca\/","name":"Scrap autoz","description":"We Buy Scrap Car, Scrap Car Montreal, Scrap Car Montreal For Cash, Cash For Scrap Car, Junk Car, Junk Car Montreal, Junk Car For Cash, Scrap Your Car For Cash, Car Recycling Center, Auto Recycling Montreal, Auto Scrap Montreal, Auto Ferraille, Auto Ferraille Montreal","potentialAction":[{"@type":"SearchAction","target":{"@type":"EntryPoint","urlTemplate":"https:\/\/scrapautoz.ca\/?s={search_term_string}"},"query-input":"required name=search_term_string"}],"inLanguage":"fr-CA"}]}},"_links":{"self":[{"href":"https:\/\/scrapautoz.ca\/fr\/wp-json\/wp\/v2\/pages\/1520","targetHints":{"allow":["GET"]}}],"collection":[{"href":"https:\/\/scrapautoz.ca\/fr\/wp-json\/wp\/v2\/pages"}],"about":[{"href":"https:\/\/scrapautoz.ca\/fr\/wp-json\/wp\/v2\/types\/page"}],"author":[{"embeddable":true,"href":"https:\/\/scrapautoz.ca\/fr\/wp-json\/wp\/v2\/users\/1"}],"replies":[{"embeddable":true,"href":"https:\/\/scrapautoz.ca\/fr\/wp-json\/wp\/v2\/comments?post=1520"}],"version-history":[{"count":37,"href":"https:\/\/scrapautoz.ca\/fr\/wp-json\/wp\/v2\/pages\/1520\/revisions"}],"predecessor-version":[{"id":2974,"href":"https:\/\/scrapautoz.ca\/fr\/wp-json\/wp\/v2\/pages\/1520\/revisions\/2974"}],"wp:attachment":[{"href":"https:\/\/scrapautoz.ca\/fr\/wp-json\/wp\/v2\/media?parent=1520"}],"curies":[{"name":"wp","href":"https:\/\/api.w.org\/{rel}","templated":true}]}}